{"id":3329,"date":"2026-03-20T12:36:21","date_gmt":"2026-03-20T11:36:21","guid":{"rendered":"https:\/\/zapopradzie.pl\/?page_id=3329"},"modified":"2026-03-20T12:41:28","modified_gmt":"2026-03-20T11:41:28","slug":"oferty-pracy","status":"publish","type":"page","link":"https:\/\/zapopradzie.pl\/index.php\/oferty-pracy\/","title":{"rendered":"Oferty pracy"},"content":{"rendered":"<h2>Nab\u00f3r na wolne stanowisko pracy \u2013 Kierowca\/Kierowczyni autobusu miejskiego<\/h2>\n<ol start=\"1\" type=\"1\">\n<li><a href=\"https:\/\/zapopradzie.pl\/wp-content\/uploads\/2026\/03\/Ogloszenie_o_naborze.pdf\">Og\u0142oszenie o naborze.<\/a><u><\/u><u><\/u><\/li>\n<li><a href=\"https:\/\/zapopradzie.pl\/wp-content\/uploads\/2026\/03\/ZAP_procedura_sygnalisci.pdf\">Za\u0142\u0105cznik nr 1 \u2013 o\u015bwiadczenie o zapoznaniu si\u0119 z obowi\u0105zuj\u0105c\u0105 w Zapopradzie sp. z o.o. Procedur\u0105 Zg\u0142osze\u0144 Wewn\u0119trznych Narusze\u0144 Prawa.<\/a><u><\/u><u><\/u><\/li>\n<li><a href=\"https:\/\/zapopradzie.pl\/wp-content\/uploads\/2026\/03\/ZAP_info_rekrutacja_pracownik.docx\">Za\u0142\u0105cznik nr 2 \u2013 o\u015bwiadczenie o wyra\u017ceniu zgody na przetwarzanie swoich danych osobowych.<\/a><\/li>\n<\/ol>\n","protected":false},"excerpt":{"rendered":"<p>Nab\u00f3r na wolne stanowisko pracy \u2013 Kierowca\/Kierowczyni autobusu miejskiego Og\u0142oszenie  [&#8230;]<\/p>\n","protected":false},"author":1,"featured_media":0,"parent":0,"menu_order":0,"comment_status":"closed","ping_status":"closed","template":"100-width.php","meta":{"footnotes":""},"class_list":["post-3329","page","type-page","status-publish","hentry"],"_links":{"self":[{"href":"https:\/\/zapopradzie.pl\/index.php\/wp-json\/wp\/v2\/pages\/3329","targetHints":{"allow":["GET"]}}],"collection":[{"href":"https:\/\/zapopradzie.pl\/index.php\/wp-json\/wp\/v2\/pages"}],"about":[{"href":"https:\/\/zapopradzie.pl\/index.php\/wp-json\/wp\/v2\/types\/page"}],"author":[{"embeddable":true,"href":"https:\/\/zapopradzie.pl\/index.php\/wp-json\/wp\/v2\/users\/1"}],"replies":[{"embeddable":true,"href":"https:\/\/zapopradzie.pl\/index.php\/wp-json\/wp\/v2\/comments?post=3329"}],"version-history":[{"count":3,"href":"https:\/\/zapopradzie.pl\/index.php\/wp-json\/wp\/v2\/pages\/3329\/revisions"}],"predecessor-version":[{"id":3341,"href":"https:\/\/zapopradzie.pl\/index.php\/wp-json\/wp\/v2\/pages\/3329\/revisions\/3341"}],"wp:attachment":[{"href":"https:\/\/zapopradzie.pl\/index.php\/wp-json\/wp\/v2\/media?parent=3329"}],"curies":[{"name":"wp","href":"https:\/\/api.w.org\/{rel}","templated":true}]}}