{"id":3227,"date":"2025-09-03T14:08:36","date_gmt":"2025-09-03T12:08:36","guid":{"rendered":"https:\/\/zapopradzie.pl\/?page_id=3227"},"modified":"2026-04-21T09:29:05","modified_gmt":"2026-04-21T07:29:05","slug":"komunikacja-miejska","status":"publish","type":"page","link":"https:\/\/zapopradzie.pl\/index.php\/komunikacja-miejska\/","title":{"rendered":"Komunikacja"},"content":{"rendered":"<h2><a href=\"https:\/\/zapopradzie.pl\/index.php\/cennik\/\">Cennik<\/a><\/h2>\n<h2><a href=\"https:\/\/zapopradzie.pl\/index.php\/oferty-pracy\/\">Oferty pracy<\/a><\/h2>\n<h2>Rozk\u0142ad jazdy<\/h2>\n<p style=\"color: red;\"><strong>Uwaga!<\/strong> Uruchomienie linii 6,7,8,9,10 zaplanowane jest na 04.05.2026r.<\/p>\n<ul>\n<li style=\"list-style-type: none;\">\n<ul>\n<li><a href=\"https:\/\/zapopradzie.pl\/wp-content\/uploads\/2026\/03\/Linia-nr-1-Kierunek-ZEGIESTOW_032026.pdf\">Linia nr 1 &#8211; Kierunek \u017begiest\u00f3w<\/a><\/li>\n<li><a href=\"https:\/\/zapopradzie.pl\/wp-content\/uploads\/2026\/03\/Linia-nr-1-Kierunek-SZCZAWNIK_032026.pdf\">Linia nr 1 &#8211; Kierunek Szczawnik<\/a><\/li>\n<li><a href=\"https:\/\/zapopradzie.pl\/wp-content\/uploads\/2026\/02\/Linia-nr-2-Kierunek-DUBNE_022026.pdf\">Linia nr 2 &#8211; Kierunek Dubne<\/a><\/li>\n<li><a href=\"https:\/\/zapopradzie.pl\/wp-content\/uploads\/2026\/02\/Linia-nr-2-Kierunek-SZCZAWNIK_022026.pdf\">Linia nr 2 &#8211; Kierunek Szczawnik<\/a><\/li>\n<li><a href=\"https:\/\/zapopradzie.pl\/wp-content\/uploads\/2026\/04\/Linia-nr-3-Muszyna-ZLockie-Jastrzebik.pdf\">Linia nr 3 &#8211; Muszyna-Z\u0142ockie-Jastrz\u0119bik oraz Muszyna-Jastrz\u0119bik-Z\u0142ockie &#8211; data rozpocz\u0119cia 20.04.2026r.<\/a><\/li>\n<li><a href=\"https:\/\/zapopradzie.pl\/wp-content\/uploads\/2026\/01\/4-TAM-Muszyna-Powroznik-Wojkowa-012026.pdf\">4 TAM Muszyna-Powro\u017anik-Wojkowa<\/a><\/li>\n<li><a href=\"https:\/\/zapopradzie.pl\/wp-content\/uploads\/2026\/01\/4-POW-Wojkowa-Powroznik-Muszyna-012026.pdf\">4 POW Wojkowa-Powro\u017anik-Muszyna<\/a><\/li>\n<li><a href=\"https:\/\/zapopradzie.pl\/wp-content\/uploads\/2026\/01\/5-TAM-Wojkowa-Powroznik-Jastrzebik-Zlockie-Muszyna-012026.pdf\">5 TAM Wojkowa-Powro\u017anik-Jastrz\u0119bik-Z\u0142ockie-Muszyna<\/a><\/li>\n<li><a href=\"https:\/\/zapopradzie.pl\/wp-content\/uploads\/2026\/04\/Linia-6-Kierunek-Zegiestow-Milik-Muszyna-Krynica-Zdroj.pdf\">Linia 6 &#8211; Kierunek \u017begiest\u00f3w Milik Muszyna Krynica-Zdr\u00f3j<\/a><\/li>\n<li><a href=\"https:\/\/zapopradzie.pl\/wp-content\/uploads\/2026\/04\/Linia-6-Kierunek-Krynica-zdroj-Muszyna-Milik-Zegiestow.pdf\">Linia 6 &#8211; Kierunek Krynica-zdr\u00f3j Muszyna Milik \u017begiest\u00f3w<\/a><\/li>\n<li><a href=\"https:\/\/zapopradzie.pl\/wp-content\/uploads\/2026\/04\/Linia-7-Kierunek-Szczawnik-Muszyna-Krynica-Zdroj-Mochnaczka-Tylicz.pdf\">Linia 7 &#8211; Kierunek Szczawnik Muszyna Krynica-Zdr\u00f3j Mochnaczka Tylicz<\/a><\/li>\n<li><a href=\"https:\/\/zapopradzie.pl\/wp-content\/uploads\/2026\/04\/Linia-7-Kierunek-Kosciuszki-Krynica-Zdroj-Tylicz-Muszynka.pdf\">Linia 7 &#8211; Kierunek Ko\u015bciuszki Krynica-Zdr\u00f3j Tylicz Muszynka<\/a><\/li>\n<li><a href=\"https:\/\/zapopradzie.pl\/wp-content\/uploads\/2026\/04\/Linia-8-Kierunek-KosciuszkI-Krynica-Zdroj-Tylicz-Muszynka.pdf\">Linia 8 &#8211; Kierunek Ko\u015bciuszkI Krynica-Zdr\u00f3j Tylicz Muszynka<\/a><\/li>\n<li><a href=\"https:\/\/zapopradzie.pl\/wp-content\/uploads\/2026\/04\/Linia-8-Kierunek-Muszynka-Tylicz-Krynica-Zdroj-Koscuszki.pdf\">Linia 8 &#8211; Kierunek Muszynka Tylicz Krynica-Zdr\u00f3j Ko\u015bcuszki<\/a><\/li>\n<li><a href=\"https:\/\/zapopradzie.pl\/wp-content\/uploads\/2026\/04\/Linia-9-Kierunek-Szczawnik-Kosciuszki-Muszyna-Krynica-Zdroj.pdf\">Linia 9 &#8211; Kierunek Szczawnik Ko\u015bciuszki Muszyna Krynica-Zdr\u00f3j<\/a><\/li>\n<li><a href=\"https:\/\/zapopradzie.pl\/wp-content\/uploads\/2026\/04\/Linia-9-Kierunek-Krynica-Zdroj-Muszyna-Kosciuszki-Szczawnik.pdf\">Linia 9 &#8211; Kierunek Krynica-Zdr\u00f3j Muszyna Ko\u015bciuszki Szczawnik<\/a><\/li>\n<li><a href=\"https:\/\/zapopradzie.pl\/wp-content\/uploads\/2026\/04\/Linia-10-Kierunek-Zegiestow-Milik-Muszyna-Krynica-Zdroj.pdf\">Linia 10 &#8211; Kierunek \u017begiest\u00f3w Milik Muszyna Krynica-Zdr\u00f3j<\/a><\/li>\n<li><a href=\"https:\/\/zapopradzie.pl\/wp-content\/uploads\/2026\/04\/Linia-10-Kierunek-Krynica-Zdroj-Muszyna-Milik-Zegiestow.pdf\">Linia 10 &#8211; Kierunek Krynica-Zdr\u00f3j Muszyna Milik \u017begiest\u00f3w<\/a><\/li>\n<\/ul>\n<\/li>\n<\/ul>\n<p>&nbsp;<\/p>\n<h2>Regulaminy<\/h2>\n<ul>\n<li><a href=\"https:\/\/zapopradzie.pl\/wp-content\/uploads\/2025\/12\/Zalacznik-nr-1-Regulamin-przewozu-osob-i-rzeczy.pdf\">Regulamin przewozu os\u00f3b i rzeczy<\/a><\/li>\n<li><a href=\"https:\/\/zapopradzie.pl\/wp-content\/uploads\/2025\/12\/Zmiana-regulaminu-przewozu-osob-i-rzeczy-15-12-2025.pdf\">Zarz\u0105dzenie w sprawie wprowadzenia regulaminu przewozu os\u00f3b i rzeczy<\/a><\/li>\n<li><a href=\"https:\/\/zapopradzie.pl\/wp-content\/uploads\/2026\/01\/Zarzadzenie-w-sprawie-wprowadzenia-cennika-przeowzu-osob-i-rzeczy-3-12-2025.pdf\">Zarz\u0105dzenie w sprawie wprowadzenia cennika przewozu os\u00f3b i rzeczy<\/a><\/li>\n<li><a href=\"https:\/\/zapopradzie.pl\/wp-content\/uploads\/2025\/12\/Klauzula_informacyjna_przewozy.pdf\">Klauzula informacyjna dot. przetwarzania danych osobowych (pdf)<\/a><\/li>\n<li><a href=\"https:\/\/zapopradzie.pl\/wp-content\/uploads\/2025\/12\/Klauzula-informacyjna_przewozy.docx\">Klauzula informacyjna dot. przetwarzania danych osobowych (docx)<\/a><\/li>\n<\/ul>\n","protected":false},"excerpt":{"rendered":"<p>Cennik Oferty pracy Rozk\u0142ad jazdy Uwaga! Uruchomienie linii 6,7,8,9,10 zaplanowane  [&#8230;]<\/p>\n","protected":false},"author":1,"featured_media":0,"parent":0,"menu_order":0,"comment_status":"closed","ping_status":"closed","template":"100-width.php","meta":{"footnotes":""},"class_list":["post-3227","page","type-page","status-publish","hentry"],"_links":{"self":[{"href":"https:\/\/zapopradzie.pl\/index.php\/wp-json\/wp\/v2\/pages\/3227","targetHints":{"allow":["GET"]}}],"collection":[{"href":"https:\/\/zapopradzie.pl\/index.php\/wp-json\/wp\/v2\/pages"}],"about":[{"href":"https:\/\/zapopradzie.pl\/index.php\/wp-json\/wp\/v2\/types\/page"}],"author":[{"embeddable":true,"href":"https:\/\/zapopradzie.pl\/index.php\/wp-json\/wp\/v2\/users\/1"}],"replies":[{"embeddable":true,"href":"https:\/\/zapopradzie.pl\/index.php\/wp-json\/wp\/v2\/comments?post=3227"}],"version-history":[{"count":32,"href":"https:\/\/zapopradzie.pl\/index.php\/wp-json\/wp\/v2\/pages\/3227\/revisions"}],"predecessor-version":[{"id":3364,"href":"https:\/\/zapopradzie.pl\/index.php\/wp-json\/wp\/v2\/pages\/3227\/revisions\/3364"}],"wp:attachment":[{"href":"https:\/\/zapopradzie.pl\/index.php\/wp-json\/wp\/v2\/media?parent=3227"}],"curies":[{"name":"wp","href":"https:\/\/api.w.org\/{rel}","templated":true}]}}