{"id":3206,"date":"2025-09-03T13:39:15","date_gmt":"2025-09-03T11:39:15","guid":{"rendered":"https:\/\/zapopradzie.pl\/?page_id=3206"},"modified":"2025-09-12T09:32:33","modified_gmt":"2025-09-12T07:32:33","slug":"dubne-wojkowa","status":"publish","type":"page","link":"https:\/\/zapopradzie.pl\/index.php\/komunikacja-miejska\/dubne-wojkowa\/","title":{"rendered":"DUBNE &#8211; WOJKOWA"},"content":{"rendered":"<div class=\"table-1 \">\n<table width=\"289\">\n<tbody>\n<tr>\n<td width=\"161\">DUBNE &#8211; WOJKOWA<\/td>\n<td width=\"64\"><\/td>\n<td width=\"64\"><\/td>\n<\/tr>\n<tr>\n<td>Przystanek<\/td>\n<td>D<\/td>\n<td>D<\/td>\n<\/tr>\n<tr>\n<td>Dubne<\/td>\n<td>10:40<\/td>\n<td>15:35<\/td>\n<\/tr>\n<tr>\n<td>Dubne I<\/td>\n<td>10:42<\/td>\n<td>15:37<\/td>\n<\/tr>\n<tr>\n<td>Leluch\u00f3w<\/td>\n<td>10:43<\/td>\n<td>15:38<\/td>\n<\/tr>\n<tr>\n<td>Leluch\u00f3w Szko\u0142a<\/td>\n<td>10:44<\/td>\n<td>15:39<\/td>\n<\/tr>\n<tr>\n<td>Leluch\u00f3w Granica<\/td>\n<td>10:45<\/td>\n<td>15:40<\/td>\n<\/tr>\n<tr>\n<td>Muszyna Majdan<\/td>\n<td>10:47<\/td>\n<td>15:42<\/td>\n<\/tr>\n<tr>\n<td>Muszyna Wapienne<\/td>\n<td>10:51<\/td>\n<td>15:46<\/td>\n<\/tr>\n<tr>\n<td>Muszyna Podg\u00f3rna<\/td>\n<td>10:56<\/td>\n<td>15:51<\/td>\n<\/tr>\n<tr>\n<td>Muszyna Pu\u0142askiego<\/td>\n<td>10:59<\/td>\n<td>15:54<\/td>\n<\/tr>\n<tr>\n<td>Muszyna Ogrodowa III<\/td>\n<td>11:02<\/td>\n<td>15:57<\/td>\n<\/tr>\n<tr>\n<td>Muszyna Ogrodowa II<\/td>\n<td>11:03<\/td>\n<td>15:58<\/td>\n<\/tr>\n<tr>\n<td>Muszyna Ogrodowa I<\/td>\n<td>11:05<\/td>\n<td>16:00<\/td>\n<\/tr>\n<tr>\n<td>Muszyna Zefirka<\/td>\n<td>11:06<\/td>\n<td>16:01<\/td>\n<\/tr>\n<tr>\n<td>Muszyna W\u0105ska<\/td>\n<td>11:10<\/td>\n<td>16:05<\/td>\n<\/tr>\n<tr>\n<td>Z\u0142ockie Skrzy\u017cowanie<\/td>\n<td>11:14<\/td>\n<td>16:09<\/td>\n<\/tr>\n<tr>\n<td>Muszyna Zazamcze<\/td>\n<td>11:15<\/td>\n<td>16:10<\/td>\n<\/tr>\n<tr>\n<td>Z\u0142ockie RSP<\/td>\n<td>11:17<\/td>\n<td>16:12<\/td>\n<\/tr>\n<tr>\n<td>Z\u0142ockie Ko\u015bci\u00f3\u0142<\/td>\n<td>11:18<\/td>\n<td>16:13<\/td>\n<\/tr>\n<tr>\n<td>Z\u0142ockie I<\/td>\n<td>11:19<\/td>\n<td>16:14<\/td>\n<\/tr>\n<tr>\n<td>Jastrz\u0119bik Skrzy\u017cowanie<\/td>\n<td>11:22<\/td>\n<td>16:17<\/td>\n<\/tr>\n<tr>\n<td>Jastrz\u0119bik Centrum<\/td>\n<td>11:23<\/td>\n<td>16:18<\/td>\n<\/tr>\n<tr>\n<td>Jastrz\u0119bik I<\/td>\n<td>11:24<\/td>\n<td>16:19<\/td>\n<\/tr>\n<tr>\n<td>Jastrz\u0119bik II<\/td>\n<td>11:26<\/td>\n<td>16:21<\/td>\n<\/tr>\n<tr>\n<td>Muszyna Polna<\/td>\n<td>11:28<\/td>\n<td>16:23<\/td>\n<\/tr>\n<tr>\n<td>Muszyna Granica<\/td>\n<td>11:30<\/td>\n<td>16:25<\/td>\n<\/tr>\n<tr>\n<td>Powro\u017anik PKP<\/td>\n<td>11:31<\/td>\n<td>16:26<\/td>\n<\/tr>\n<tr>\n<td>Powro\u017anik Szko\u0142a<\/td>\n<td>11:33<\/td>\n<td>16:28<\/td>\n<\/tr>\n<tr>\n<td>Powro\u017anik<\/td>\n<td>11:34<\/td>\n<td>16:29<\/td>\n<\/tr>\n<tr>\n<td>Powro\u017anik I<\/td>\n<td>11:35<\/td>\n<td>16:30<\/td>\n<\/tr>\n<tr>\n<td>Powro\u017anik II<\/td>\n<td>11:36<\/td>\n<td>16:31<\/td>\n<\/tr>\n<tr>\n<td>Powro\u017anik ZWIK<\/td>\n<td>11:38<\/td>\n<td>16:33<\/td>\n<\/tr>\n<tr>\n<td>Wojkowa Skrzy\u017cowanie<\/td>\n<td>11:42<\/td>\n<td>16:37<\/td>\n<\/tr>\n<tr>\n<td>Wojkowa<\/td>\n<td>11:43<\/td>\n<td>16:38<\/td>\n<\/tr>\n<\/tbody>\n<\/table>\n<\/div>\n<p>D &#8211; kursuje w dni robocze<\/p>\n","protected":false},"excerpt":{"rendered":"<p>DUBNE &#8211; WOJKOWA Przystanek D D Dubne 10:40 15:35 Dubne  [&#8230;]<\/p>\n","protected":false},"author":1,"featured_media":0,"parent":3227,"menu_order":0,"comment_status":"closed","ping_status":"closed","template":"100-width.php","meta":{"footnotes":""},"class_list":["post-3206","page","type-page","status-publish","hentry"],"_links":{"self":[{"href":"https:\/\/zapopradzie.pl\/index.php\/wp-json\/wp\/v2\/pages\/3206","targetHints":{"allow":["GET"]}}],"collection":[{"href":"https:\/\/zapopradzie.pl\/index.php\/wp-json\/wp\/v2\/pages"}],"about":[{"href":"https:\/\/zapopradzie.pl\/index.php\/wp-json\/wp\/v2\/types\/page"}],"author":[{"embeddable":true,"href":"https:\/\/zapopradzie.pl\/index.php\/wp-json\/wp\/v2\/users\/1"}],"replies":[{"embeddable":true,"href":"https:\/\/zapopradzie.pl\/index.php\/wp-json\/wp\/v2\/comments?post=3206"}],"version-history":[{"count":4,"href":"https:\/\/zapopradzie.pl\/index.php\/wp-json\/wp\/v2\/pages\/3206\/revisions"}],"predecessor-version":[{"id":3254,"href":"https:\/\/zapopradzie.pl\/index.php\/wp-json\/wp\/v2\/pages\/3206\/revisions\/3254"}],"up":[{"embeddable":true,"href":"https:\/\/zapopradzie.pl\/index.php\/wp-json\/wp\/v2\/pages\/3227"}],"wp:attachment":[{"href":"https:\/\/zapopradzie.pl\/index.php\/wp-json\/wp\/v2\/media?parent=3206"}],"curies":[{"name":"wp","href":"https:\/\/api.w.org\/{rel}","templated":true}]}}