{"id":3189,"date":"2025-09-03T13:18:02","date_gmt":"2025-09-03T11:18:02","guid":{"rendered":"https:\/\/zapopradzie.pl\/?page_id=3189"},"modified":"2025-12-12T12:44:17","modified_gmt":"2025-12-12T11:44:17","slug":"cennik","status":"publish","type":"page","link":"https:\/\/zapopradzie.pl\/index.php\/cennik\/","title":{"rendered":"Cennik"},"content":{"rendered":"<p>Cenniki:<\/p>\n<ul>\n<li><a href=\"https:\/\/zapopradzie.pl\/wp-content\/uploads\/2025\/12\/Cennik-linii-Wojkowa-Powroznik-Jastrzebik-Zlockie-Muszyna.pdf\">Cennik linii Wojkowa-Powro\u017anik-Jastrz\u0119bik-Z\u0142ockie-Muszyna<\/a><\/li>\n<li><a href=\"https:\/\/zapopradzie.pl\/wp-content\/uploads\/2025\/12\/Cennik-linii-Wojkowa-Powroznik-Muszyna.pdf\">Cennik linii Wojkowa-Powro\u017anik-Muszyna<\/a><\/li>\n<li><a href=\"https:\/\/zapopradzie.pl\/wp-content\/uploads\/2025\/12\/Cennik-linii-Muszyna-Zlockie-Jastrzebik.pdf\">Cennik linii Muszyna-Z\u0142ockie-Jastrz\u0119bik<\/a><\/li>\n<li><a href=\"https:\/\/zapopradzie.pl\/wp-content\/uploads\/2025\/12\/Cennik-linii-Dubne-Muszyna-Szczawnik.pdf\">Cennik linii Dubne-Muszyna-Szczawnik<\/a><\/li>\n<li><a href=\"https:\/\/zapopradzie.pl\/wp-content\/uploads\/2025\/12\/Cennik-linii-Zegiestow-Muszyna-Szczawnik.pdf\">Cennik linii \u017begiest\u00f3w-Muszyna-Szczawnik<\/a><\/li>\n<\/ul>\n","protected":false},"excerpt":{"rendered":"<p>Cenniki: Cennik linii Wojkowa-Powro\u017anik-Jastrz\u0119bik-Z\u0142ockie-Muszyna Cennik linii Wojkowa-Powro\u017anik-Muszyna Cennik linii Muszyna-Z\u0142ockie-Jastrz\u0119bik  [&#8230;]<\/p>\n","protected":false},"author":1,"featured_media":0,"parent":0,"menu_order":0,"comment_status":"closed","ping_status":"closed","template":"100-width.php","meta":{"footnotes":""},"class_list":["post-3189","page","type-page","status-publish","hentry"],"_links":{"self":[{"href":"https:\/\/zapopradzie.pl\/index.php\/wp-json\/wp\/v2\/pages\/3189","targetHints":{"allow":["GET"]}}],"collection":[{"href":"https:\/\/zapopradzie.pl\/index.php\/wp-json\/wp\/v2\/pages"}],"about":[{"href":"https:\/\/zapopradzie.pl\/index.php\/wp-json\/wp\/v2\/types\/page"}],"author":[{"embeddable":true,"href":"https:\/\/zapopradzie.pl\/index.php\/wp-json\/wp\/v2\/users\/1"}],"replies":[{"embeddable":true,"href":"https:\/\/zapopradzie.pl\/index.php\/wp-json\/wp\/v2\/comments?post=3189"}],"version-history":[{"count":4,"href":"https:\/\/zapopradzie.pl\/index.php\/wp-json\/wp\/v2\/pages\/3189\/revisions"}],"predecessor-version":[{"id":3293,"href":"https:\/\/zapopradzie.pl\/index.php\/wp-json\/wp\/v2\/pages\/3189\/revisions\/3293"}],"wp:attachment":[{"href":"https:\/\/zapopradzie.pl\/index.php\/wp-json\/wp\/v2\/media?parent=3189"}],"curies":[{"name":"wp","href":"https:\/\/api.w.org\/{rel}","templated":true}]}}