{"id":3105,"date":"2024-08-17T10:27:59","date_gmt":"2024-08-17T08:27:59","guid":{"rendered":"https:\/\/zapopradzie.pl\/?page_id=3105"},"modified":"2024-08-17T10:30:37","modified_gmt":"2024-08-17T08:30:37","slug":"standardy-ochrony-maloletnich-w-zapopradzie-sp-z-o-o","status":"publish","type":"page","link":"https:\/\/zapopradzie.pl\/index.php\/standardy-ochrony-maloletnich-w-zapopradzie-sp-z-o-o\/","title":{"rendered":"Standardy ochrony ma\u0142oletnich w Zapopradzie sp. z o.o"},"content":{"rendered":"<p>Na podstawie art. 22b ustawy z dnia 13 maja 2016 r. o przeciwdzia\u0142aniu zagro\u017ceniom przest\u0119pczo\u015bci na tle seksualnym (t.j. Dz. U. z 2024 r., poz. 560), w zwi\u0105zku z ustaw\u0105 z dnia 28 lipca 2023 r. o zmianie ustawy \u2013 kodeks rodzinny i opieku\u0144czy oraz niekt\u00f3rych innych ustaw (Dz. U. z 2023 r., poz. 1606) w Zapopradzie sp. z o.o zosta\u0142y wprowadzone Standardy ochrony ma\u0142oletnich przed krzywdzeniem.<\/p>\n<p><a href=\"https:\/\/zapopradzie.pl\/wp-content\/uploads\/2024\/08\/Polityka-ochrony-dzieci-przed-krzywdzeniem.pdf\">Polityka ochrony dzieci przed krzywdzeniem<\/a><\/p>\n<p><a href=\"https:\/\/zapopradzie.pl\/wp-content\/uploads\/2024\/08\/Standardy-ochrony-maloletnich.pdf\">Standardy ochrony ma\u0142oletnich<\/a><\/p>\n","protected":false},"excerpt":{"rendered":"<p>Na podstawie art. 22b ustawy z dnia 13 maja 2016  [&#8230;]<\/p>\n","protected":false},"author":1,"featured_media":0,"parent":0,"menu_order":0,"comment_status":"closed","ping_status":"closed","template":"100-width.php","meta":{"footnotes":""},"class_list":["post-3105","page","type-page","status-publish","hentry"],"_links":{"self":[{"href":"https:\/\/zapopradzie.pl\/index.php\/wp-json\/wp\/v2\/pages\/3105","targetHints":{"allow":["GET"]}}],"collection":[{"href":"https:\/\/zapopradzie.pl\/index.php\/wp-json\/wp\/v2\/pages"}],"about":[{"href":"https:\/\/zapopradzie.pl\/index.php\/wp-json\/wp\/v2\/types\/page"}],"author":[{"embeddable":true,"href":"https:\/\/zapopradzie.pl\/index.php\/wp-json\/wp\/v2\/users\/1"}],"replies":[{"embeddable":true,"href":"https:\/\/zapopradzie.pl\/index.php\/wp-json\/wp\/v2\/comments?post=3105"}],"version-history":[{"count":2,"href":"https:\/\/zapopradzie.pl\/index.php\/wp-json\/wp\/v2\/pages\/3105\/revisions"}],"predecessor-version":[{"id":3109,"href":"https:\/\/zapopradzie.pl\/index.php\/wp-json\/wp\/v2\/pages\/3105\/revisions\/3109"}],"wp:attachment":[{"href":"https:\/\/zapopradzie.pl\/index.php\/wp-json\/wp\/v2\/media?parent=3105"}],"curies":[{"name":"wp","href":"https:\/\/api.w.org\/{rel}","templated":true}]}}